{"id":631,"date":"2016-06-07T09:26:21","date_gmt":"2016-06-07T09:26:21","guid":{"rendered":"http:\/\/inspirationdesurvie.net\/blog\/?page_id=631"},"modified":"2016-06-30T11:58:25","modified_gmt":"2016-06-30T11:58:25","slug":"la-theorie-des-portails","status":"publish","type":"page","link":"https:\/\/inspirationdesurvie.net\/blog\/la-revolution-alteienne\/la-theorie-des-portails\/","title":{"rendered":"La th\u00e9orie des portails"},"content":{"rendered":"<p align=\"justify\"><span style=\"font-size: medium;\">Isobel atteint enfin la sortie 21 de la T6, la route sur laquelle elle chevauche depuis la veille. L\u2019\u00e9changeur n\u2019est pas encore construit, suite aux manifestations permanentes sur les chantiers. Les travaux passent par une for\u00eat ancienne \u00e0 haut potentiel magique. De plus, le biotope de la r\u00e9gion est unique, selon les militants physiologistes qui se sont empar\u00e9s du dossier. En attendant qu\u2019une \u00e9tude ind\u00e9pendante soit men\u00e9e, des associations physio se sont m\u00eame install\u00e9es durablement afin d\u2019en prot\u00e9ger les zones les plus sensibles. Ces ZAPistes d\u00e9fraient fr\u00e9quemment la chronique et sont une \u00e9pine dans le pied de Tyriarque. Isobel esquisse un sourire \u00e0 la pens\u00e9e de son p\u00e8re \u00e0 qui l\u2019on est sans doute en train d\u2019annoncer la disparition de sa fille. Le th\u00e9 du matin doit avoir un petit go\u00fbt amer, au palais.<\/span><\/p>\n<p align=\"justify\"><span style=\"font-size: medium;\">Tandis que le jour se l\u00e8ve \u00e0 l\u2019horizon, Isobel quitte la T6 pour prendre une route normale pendant quelques dizaines de kilom\u00e8tres afin de rejoindre une autre voie \u00e0 grande vitesse qui la m\u00e8nera directement \u00e0 sa destination, dans le Nord. L\u2019ambiance est toute autre sur la petite route foresti\u00e8re obscurcie par l\u2019entrem\u00ealement \u00e9pais des frondaisons. Heureusement que la route n\u2019est pas longue et qu\u2019il y a un petit village d\u2019\u00e9tape \u00e0 mi-chemin o\u00f9 se raccrocher en cas de probl\u00e8me. La princesse aper\u00e7oit \u00e0 quelques centaines de m\u00e8tres de l\u00e0 un homme qui l\u00e8ve le pouce. Elle ralentit et s\u2019arr\u00eate \u00e0 proximit\u00e9 de l\u2019inconnu, la main sur le pommeau de son \u00e9p\u00e9e, pr\u00eate \u00e0 parer \u00e0 toute \u00e9ventualit\u00e9. Les petites routes foresti\u00e8res sont peu s\u00fbres\u00a0: les enchanteurs travaillent encore \u00e0 un moyen de prot\u00e9ger les routes qu\u2019ils construisent. Trop souvent, la magie qui existe dans les domaines anciens est trop puissante et fait courir des risques inimaginables \u00e0 ceux qui s\u2019y aventurent.<\/span><\/p>\n<p align=\"justify\">\u2013\u00a0<span style=\"font-size: medium;\">Bonjour\u00a0! Vous allez o\u00f9\u00a0?<\/span><\/p>\n<p align=\"justify\">\u2013\u00a0<span style=\"font-size: medium;\">\u00c0 Pontargue, dans le Sud.<\/span><\/p>\n<p align=\"justify\"><span style=\"font-size: medium;\">Le jeune homme n\u2019est pas moche, sans \u00eatre le type d\u2019Isobel. Elle n\u2019aime pas les cheveux bruns et il a un nez un peu trop gros pour que son visage soit vraiment harmonieux. Ceci dit, il a une bonne t\u00eate, m\u00eame si \u00e7a ne veut rien dire. Il porte juste une besace en bandouli\u00e8re. Il porte quelques v\u00eatements dont la coupe rappelle insensiblement la mode de la fronti\u00e8re ouest. Pas un marchand, mais peut-\u00eatre un artisan qui va tenter sa chance ailleurs.<\/span><\/p>\n<p align=\"justify\">\u2013\u00a0<span style=\"font-size: medium;\">Je vais vers le Nord. Mais je peux toujours vous emmener \u00e0 la prochaine tachyoroute, \u00e0 trente kilom\u00e8tres d\u2019ici. Vous aurez plus de chance de vous faire emmener l\u00e0-bas.<\/span><\/p>\n<p align=\"justify\">\u2013\u00a0<span style=\"font-size: medium;\">\u00c7a me va\u00a0! Merci\u00a0! Moi, c\u2019est Thomas, au fait\u00a0!<\/span><\/p>\n<p align=\"justify\">\u2013\u00a0<span style=\"font-size: medium;\">Et moi, Iso. En selle\u00a0!<\/span><\/p>\n<p align=\"justify\"><span style=\"font-size: medium;\">Le pouceur range son petit sac \u00e0 l\u2019arri\u00e8re et prend place derri\u00e8re la princesse. Elle fait claquer les r\u00eanes et fait repartir sa monture dans le jour qui se l\u00e8ve \u00e0 travers les feuillages des arbres. Les ombres s\u2019\u00e9tirent mollement de tout leur long sur la route. Parfois, Isobel croit deviner des mouvements brefs au niveau de sa vision p\u00e9riph\u00e9rique.<\/span><\/p>\n<p align=\"justify\">\u2013\u00a0<span style=\"font-size: medium;\">C\u2019est pas prudent de faire du stop dans les for\u00eats, vous savez\u00a0? On y fait parfois de mauvaises rencontres.<\/span><\/p>\n<p align=\"justify\">\u2013\u00a0<span style=\"font-size: medium;\">C\u2019est pas mon habitude. Mais l\u00e0, j\u2019ai \u00e9t\u00e9 un peu forc\u00e9\u00a0: d\u00e9part dans l\u2019urgence et sans le sou. Puis, vous savez, les tachyoroutes sont pas plus s\u00fbres. Regardez l\u2019attaque de Sylvains sur la T14 qui a caus\u00e9 un carambolage monstrueux. Les journaux parlent de plusieurs morts parmi les cavaliers qui chevauchaient ce jour-l\u00e0 sur la route des vacances. On n\u2019est vraiment \u00e0 l\u2019abri nulle part.<\/span><\/p>\n<p align=\"justify\">\u2013\u00a0<span style=\"font-size: medium;\">Si vous ne voyagez pas souvent, laissez-moi vous donner un conseil\u00a0: ne vous \u00e9cartez jamais du sentier. La pire chose qui puisse arriver dans ce genre de situation, c\u2019est de perdre le seul lien que vous avez avec le monde des humains. En cours de Th\u00e9orie des Portails, notre professeur a toujours insist\u00e9 sur le fait que la route cr\u00e9e une s\u00e9paration nette entre deux univers. Quitter la route, c\u2019est franchir un seuil et prendre le risque de se retrouver dans un autre pays.<\/span><\/p>\n<p align=\"justify\">\u2013\u00a0<span style=\"font-size: medium;\">Ah bon\u00a0?<\/span><\/p>\n<p align=\"justify\">\u2013\u00a0<span style=\"font-size: medium;\">Ouaip. Ces derniers temps, de nombreuses \u00e9tudes ont \u00e9t\u00e9 men\u00e9es sur le sujet. Elles confirment toutes les dictons populaires qu\u2019on connait tous\u00a0: la bordure d\u2019une route concentre naturellement une magie puissante et ancienne, capable par moment de d\u00e9chirer le tissu de la r\u00e9alit\u00e9.<\/span><\/p>\n<p align=\"justify\">\u2013\u00a0<span style=\"font-size: medium;\">Carr\u00e9ment\u00a0? Notez, c\u2019est vrai que j\u2019ai un grand-oncle qui est all\u00e9 cueillir des champignons et qui n\u2019est jamais revenu parce que le coucher de soleil l\u2019a surpris.<\/span><\/p>\n<p align=\"justify\">\u2013\u00a0<span style=\"font-size: medium;\">C\u2019est parce que le coucher de soleil marque un autre seuil qui se combine \u00e0 celui de la route pour renforcer son pouvoir. L\u2019analyse de Savinski l\u2019a d\u00e9montr\u00e9 r\u00e9cemment.<\/span><\/p>\n<p align=\"justify\"><span style=\"font-size: medium;\">Un l\u00e9ger silence s\u2019installe, durant lequel seul le bruit des sabots sur la terre battue se fait entendre. Isobel ne supporte pas ce genre de situation et relance la conversation.<\/span><\/p>\n<p align=\"justify\">\u2013\u00a0<span style=\"font-size: medium;\">Vous savez, ces disparitions r\u00e9p\u00e9t\u00e9es depuis des si\u00e8cles ont durablement marqu\u00e9 l\u2019inconscient collectif. Elles font partie de l\u2019histoire d\u2019Alt\u00e9\u00efa. Limite, de son folklore. Pendant longtemps, on a m\u00eame accus\u00e9 les Fa\u00ebs d\u2019enlever des hommes, des femmes et des enfants dans leurs royaumes. Pourtant, les nombreuses exp\u00e9ditions qu\u2019on y a envoy\u00e9es n\u2019ont pas permis de prouver cette hypoth\u00e8se. C\u2019\u00e9tait sans doute juste une forme de parole sp\u00e9ciste comme il y en a eu tant par le pass\u00e9.<\/span><\/p>\n<p align=\"justify\"><span style=\"font-size: medium;\">&#8211; Pourtant, on parle souvent de ces disparitions dans les journaux. Ils vont o\u00f9, alors, tous ces types qui se volatilisent.<\/span><\/p>\n<p align=\"justify\"><span style=\"font-size: medium;\">&#8211; Ben, on n\u2019en sait rien, en fait. Vous vous souvenez de la nouvelle comme quoi le L.M.E., le Laboratoire de Magie Exploratrice, voulait lancer une exp\u00e9dition pour tenter de retrouver les disparus\u00a0? Ben pour l\u2019instant, \u00e7a reste encore un v\u0153u pieux. Moi, j\u2019ai vu l\u2019inauguration du premier portail diastatique. Je me souviens tr\u00e8s bien de la surchauffe qui a suivi et qui a forc\u00e9 la fermeture dudit portail. L\u2019exp\u00e9rience s\u2019est arr\u00eat\u00e9e quelques dizaines de minutes apr\u00e8s le d\u00e9part de l\u2019exp\u00e9dition. On ne les a jamais revus. \u00c7a a marqu\u00e9 un frein dans la recherche, je peux vous le dire.<\/span><\/p>\n<p align=\"justify\"><span style=\"font-size: medium;\">\u00c7a avait aussi provoqu\u00e9 la col\u00e8re de Tyriarque, son p\u00e8re pendant plusieurs semaines. Isobel l\u2019avait entendu crier depuis sa chambre \u00e0 l\u2019autre bout du palais lors de la r\u00e9union qui s\u2019\u00e9tait tenue peu apr\u00e8s l\u2019incident. Par la suite, les mages ont \u00e9t\u00e9 plus prudents, histoire de ne pas conna\u00eetre deux fois le m\u00eame drame. Ils ont m\u00eame d\u00e9clar\u00e9 que le co\u00fbt en \u00e9nergie pour maintenir un portail stable vers une autre r\u00e9alit\u00e9 \u00e9tait impossible \u00e0 atteindre dans l\u2019\u00e9tat actuel de nos connaissances.<\/span><\/p>\n<p align=\"justify\"><span style=\"font-size: medium;\">Un nouveau silence s\u2019installe. La jeune fille se dit qu\u2019il faudrait trouver un moyen d\u2019avoir de la musique sur son cheval, pour pouvoir meubler ces instants g\u00eanants durant lesquels personne ne parle. Sans dire un mot, ils vont bon train \u00e0 travers la for\u00eat. Au loin, on peut d\u00e9j\u00e0 apercevoir un point de lumi\u00e8re diffus qui signale le d\u00e9but de la clairi\u00e8re dans laquelle se trouve l\u2019auberge d\u2019\u00e9tape. Dans sa t\u00eate, elle se f\u00e9licite d\u00e9j\u00e0 de ne pas avoir fait de mauvaise rencontre lorsque soudain un fr\u00e9missement passe \u00e0 c\u00f4t\u00e9 de sa monture. Le cheval se raidit et s\u2019arr\u00eate net. Elle fait claquer les r\u00eanes, mais la b\u00eate ne veut rien savoir. Les bruits se rapprochent et s\u2019intensifient. Isobel sent les poils de sa nuque qui se h\u00e9rissent. Thomas est lui aussi un peu crisp\u00e9, derri\u00e8re elle. Il y a certainement de la magie dans l\u2019air. Cela ne pr\u00e9sage rien de bon, mais Isobel n\u2019a pas d\u2019autre option que d\u2019attendre pour voir ce qui va se passer.<\/span><\/p>\n<p style=\"text-align: center;\" align=\"justify\"><a href=\"https:\/\/inspirationdesurvie.net\/blog\/la-revolution-alteienne\/le-debut-de-laventure\/\">Pr\u00e9c\u00e9dent<\/a> &#8211; <a href=\"https:\/\/inspirationdesurvie.net\/blog\/le-detour-du-chemin\/\">Suivant<\/a><\/p>\n","protected":false},"excerpt":{"rendered":"<p>Isobel atteint enfin la sortie 21 de la T6, la route sur laquelle elle chevauche depuis la veille. L\u2019\u00e9changeur n\u2019est pas encore construit, suite aux manifestations permanentes sur les chantiers. Les travaux passent par une for\u00eat ancienne \u00e0 haut potentiel magique. De plus, le biotope de la r\u00e9gion est unique, selon les militants physiologistes qui [&hellip;]<\/p>\n","protected":false},"author":1,"featured_media":0,"parent":579,"menu_order":0,"comment_status":"closed","ping_status":"closed","template":"","meta":{"jetpack_post_was_ever_published":false,"footnotes":""},"class_list":["post-631","page","type-page","status-publish","hentry"],"jetpack_shortlink":"https:\/\/wp.me\/P4m3os-ab","jetpack_sharing_enabled":true,"_links":{"self":[{"href":"https:\/\/inspirationdesurvie.net\/blog\/wp-json\/wp\/v2\/pages\/631","targetHints":{"allow":["GET"]}}],"collection":[{"href":"https:\/\/inspirationdesurvie.net\/blog\/wp-json\/wp\/v2\/pages"}],"about":[{"href":"https:\/\/inspirationdesurvie.net\/blog\/wp-json\/wp\/v2\/types\/page"}],"author":[{"embeddable":true,"href":"https:\/\/inspirationdesurvie.net\/blog\/wp-json\/wp\/v2\/users\/1"}],"replies":[{"embeddable":true,"href":"https:\/\/inspirationdesurvie.net\/blog\/wp-json\/wp\/v2\/comments?post=631"}],"version-history":[{"count":2,"href":"https:\/\/inspirationdesurvie.net\/blog\/wp-json\/wp\/v2\/pages\/631\/revisions"}],"predecessor-version":[{"id":641,"href":"https:\/\/inspirationdesurvie.net\/blog\/wp-json\/wp\/v2\/pages\/631\/revisions\/641"}],"up":[{"embeddable":true,"href":"https:\/\/inspirationdesurvie.net\/blog\/wp-json\/wp\/v2\/pages\/579"}],"wp:attachment":[{"href":"https:\/\/inspirationdesurvie.net\/blog\/wp-json\/wp\/v2\/media?parent=631"}],"curies":[{"name":"wp","href":"https:\/\/api.w.org\/{rel}","templated":true}]}}