{"id":625,"date":"2016-05-22T18:46:42","date_gmt":"2016-05-22T18:46:42","guid":{"rendered":"http:\/\/inspirationdesurvie.net\/blog\/?page_id=625"},"modified":"2016-06-07T09:30:22","modified_gmt":"2016-06-07T09:30:22","slug":"le-debut-de-laventure","status":"publish","type":"page","link":"https:\/\/inspirationdesurvie.net\/blog\/la-revolution-alteienne\/le-debut-de-laventure\/","title":{"rendered":"Le d\u00e9but de l&rsquo;aventure"},"content":{"rendered":"<p align=\"justify\"><span style=\"font-size: medium;\">Le lendemain matin, Isobel chevauche \u00e0 toute allure, de plus en plus loin du ch\u00e2teau. Elle a fonc\u00e9 sans s\u2019arr\u00eater \u00e0 travers la nuit en direction du Nord et ne compte pas s\u2019arr\u00eater de sit\u00f4t. Elle a vu d\u00e9filer devant elle des villages, des for\u00eats, des lacs, des vall\u00e9es sauvages, des \u00e9tendues de cultures multicolores. \u00c0 force de vivre \u00e0 T\u00e9le\u00efa, elle en oublierait presque que la majorit\u00e9 d\u2019Alt\u00e9\u00efa est inhabit\u00e9e. Il reste malgr\u00e9 tout de nombreux endroits d\u00e9sert\u00e9s il y a de cela quelques g\u00e9n\u00e9rations. L\u2019\u00e9poque o\u00f9 les populations des campagnes ont migr\u00e9 dans les villes fait partie de l\u2019Histoire. Tout le monde sait que les paysans ont \u00e9t\u00e9 attir\u00e9s par la protection confortable que leur offraient les villes contre les maints ph\u00e9nom\u00e8nes magiques qui font la vie alt\u00e9\u00efenne int\u00e9ressante mais \u00e9galement \u00e9prouvante.<\/span><\/p>\n<p align=\"justify\"><span style=\"font-size: medium;\">En une nuit, la princesse a parcouru plusieurs centaines de kilom\u00e8tres, gr\u00e2ce aux tachyoroutes, les voies \u00e0 grande vitesse. Ces rubans lisses con\u00e7us par les enchanteurs du si\u00e8cle pass\u00e9 sillonnent tout le pays. Ces structures magiques permettent aujourd\u2019hui de quadrupler la vitesse des chevaux tant que ceux-ci ne quittent pas la surface noire ceinte de lignes blanches. \u00c0 l\u2019\u00e9poque, le syst\u00e8me avait r\u00e9duit les distances entre les villes du royaume et particip\u00e9 \u00e0 l\u2019unification du pays. D\u2019un coup, le monde avait r\u00e9tr\u00e9ci. Les habitants d\u2019une ville situ\u00e9e \u00e0 plusieurs centaines de kilom\u00e8tres de distance \u00e9taient devenus des voisins. \u00c7\u2019avait \u00e9t\u00e9 le d\u00e9but de l\u2019unification du royaume et de l\u2019absolutisme dans sa forme la plus pure. Les historiens consid\u00e8rent que le d\u00e9but du r\u00e8gne de M\u00e9nandre, le grand-p\u00e8re d\u2019Isobel, a co\u00efncid\u00e9 avec les pr\u00e9mices de la r\u00e9volution enchant\u00e9e. Ainsi s\u2019est termin\u00e9e l\u2019\u00e9poque des prises de d\u00e9cision personnelles, loin de l\u2019influence du roi, pour les barons, les comtes et les ducs. En l\u2019an 23 de Tyriarque, les hommes et l\u2019information circulent plus vite que jamais. Tout est d\u00e9sormais connect\u00e9, \u00e0 Alt\u00e9\u00efa.<\/span><\/p>\n<p align=\"justify\"><span style=\"font-size: medium;\">Isobel a lu dans les livres d\u2019histoire ce qu\u2019\u00e9tait la vie avant l\u2019\u00e9poque de ce qu\u2019on appelle de nos jours la \u00ab\u00a0r\u00e9volution enchant\u00e9e\u00a0\u00bb. Depuis que la magie s\u2019est professionnalis\u00e9e, la soci\u00e9t\u00e9 a fait de grands bonds en avant. Il y a d\u2019abord eu la gol\u00e9misation des usines, qui a permis une production bien plus importante. L\u2019apparition de ces machines infatigables a d\u00e9bouch\u00e9 sur un rendement accru dans de nombreuses usines jusque-l\u00e0 familiales. Dans T\u00e9l\u00e9\u00efa, les usines et autres manufactures sont devenues des monstres qui font vivre quotidiennement des centaines voire des milliers de personnes. Gr\u00e2ce \u00e0 cette production d\u00e9brid\u00e9e, le royaume a eu un avantage \u00e9conomique, politique mais aussi militaire sur ses voisins. Il en a \u00e9t\u00e9 de m\u00eame dans tous les domaines\u00a0: m\u00e9tallurgie, agriculture, textiles ou m\u00eame exploitations mini\u00e8res.<\/span><\/p>\n<p align=\"justify\"><span style=\"font-size: medium;\">Tout en r\u00e9fl\u00e9chissant \u00e0 la situation actuelle, la princesse passe \u00e0 quelques lieues d\u2019Argos, un village industriel connus dans le monde entier pour ses productions d\u2019argile. Celles-ci \u00e9taient importantes pour le pays. Elles sont aujourd\u2019hui devenues vitales pour Alt\u00e9\u00efa. Tous les jours, des tonnes et des tonnes de boue blanch\u00e2tre sortent des mines de cette ville qui a grandi trop vite. En quelques d\u00e9cennies, la population a quadrupl\u00e9. De nombreux jeunes des campagnes sont venus s\u2019installer l\u00e0 en qu\u00eate d\u2019un avenir meilleur. S\u2019ils ne l\u2019ont pas trouv\u00e9, ils sont au moins plus riches et plus crasseux qu\u2019avant. On dit que les poussi\u00e8res d\u2019argile s\u2019infiltrent partout, jusque dans les poumons des ouvriers. La plupart d\u2019entre eux n\u2019atteignent pas l\u2019\u00e2ge de la retraite, ou tout juste. Cela \u00e0 cause des maladies li\u00e9es aux difficult\u00e9s respiratoires. Les conditions de vie se sont pourtant am\u00e9lior\u00e9es par rapport aux d\u00e9buts de la r\u00e9volution enchant\u00e9e. Il y a eu des gr\u00e8ves et des manifestations dont le souvenir le plus tangible se trouve \u00e0 la Place du Progr\u00e8s de T\u00e9l\u00e9\u00efa, o\u00f9 tr\u00f4ne une gigantesque statue en argile en hommage aux ouvriers morts lors des affrontements.<\/span><\/p>\n<p align=\"justify\"><span style=\"font-size: medium;\">Isobel s\u2019est d\u00e9j\u00e0 fait la remarque int\u00e9rieurement qu\u2019il \u00e9tait ironique de penser que ce sont les fils de ces h\u00e9ros qui ont extrait l\u2019argile n\u00e9cessaire \u00e0 l\u2019\u00e9rection de cette statue. Elle d\u00e9passe rapidement Argos et son horizon morne pour continuer sa route vers le Nord. Un pont enjambe la vall\u00e9e dont le lit a \u00e9t\u00e9 agrandi jusqu\u2019\u00e0 devenir bien trop grand pour la rivi\u00e8re qui serpente encore en son fond.<\/span><\/p>\n<p align=\"justify\">\u2013\u00a0<span style=\"font-size: medium;\">Parfois, je me demande si tout \u00e7a ne va pas un peu trop vite.<\/span><\/p>\n<p align=\"justify\"><span style=\"font-size: medium;\">La princesse continue son chemin. Il y a encore de nombreux kilom\u00e8tres \u00e0 chevaucher avant d\u2019atteindre les terres d\u2019Orbarax, le Mage Noir qui d\u00e9tient son prince de fr\u00e8re.<\/span><\/p>\n<p style=\"text-align: center;\" align=\"justify\"><a href=\"https:\/\/inspirationdesurvie.net\/blog\/la-revolution-alteienne\/une-longue-nuit\/\">Pr\u00e9c\u00e9dent<\/a> &#8211; <a href=\"https:\/\/inspirationdesurvie.net\/blog\/la-revolution-alteienne\/la-theorie-des-portails\/\">Suivant<\/a><\/p>\n","protected":false},"excerpt":{"rendered":"<p>Le lendemain matin, Isobel chevauche \u00e0 toute allure, de plus en plus loin du ch\u00e2teau. Elle a fonc\u00e9 sans s\u2019arr\u00eater \u00e0 travers la nuit en direction du Nord et ne compte pas s\u2019arr\u00eater de sit\u00f4t. Elle a vu d\u00e9filer devant elle des villages, des for\u00eats, des lacs, des vall\u00e9es sauvages, des \u00e9tendues de cultures multicolores. [&hellip;]<\/p>\n","protected":false},"author":1,"featured_media":0,"parent":579,"menu_order":0,"comment_status":"closed","ping_status":"closed","template":"","meta":{"jetpack_post_was_ever_published":false,"footnotes":""},"class_list":["post-625","page","type-page","status-publish","hentry"],"jetpack_shortlink":"https:\/\/wp.me\/P4m3os-a5","jetpack_sharing_enabled":true,"_links":{"self":[{"href":"https:\/\/inspirationdesurvie.net\/blog\/wp-json\/wp\/v2\/pages\/625","targetHints":{"allow":["GET"]}}],"collection":[{"href":"https:\/\/inspirationdesurvie.net\/blog\/wp-json\/wp\/v2\/pages"}],"about":[{"href":"https:\/\/inspirationdesurvie.net\/blog\/wp-json\/wp\/v2\/types\/page"}],"author":[{"embeddable":true,"href":"https:\/\/inspirationdesurvie.net\/blog\/wp-json\/wp\/v2\/users\/1"}],"replies":[{"embeddable":true,"href":"https:\/\/inspirationdesurvie.net\/blog\/wp-json\/wp\/v2\/comments?post=625"}],"version-history":[{"count":3,"href":"https:\/\/inspirationdesurvie.net\/blog\/wp-json\/wp\/v2\/pages\/625\/revisions"}],"predecessor-version":[{"id":634,"href":"https:\/\/inspirationdesurvie.net\/blog\/wp-json\/wp\/v2\/pages\/625\/revisions\/634"}],"up":[{"embeddable":true,"href":"https:\/\/inspirationdesurvie.net\/blog\/wp-json\/wp\/v2\/pages\/579"}],"wp:attachment":[{"href":"https:\/\/inspirationdesurvie.net\/blog\/wp-json\/wp\/v2\/media?parent=625"}],"curies":[{"name":"wp","href":"https:\/\/api.w.org\/{rel}","templated":true}]}}