{"id":612,"date":"2016-04-24T20:13:27","date_gmt":"2016-04-24T20:13:27","guid":{"rendered":"http:\/\/inspirationdesurvie.net\/blog\/?page_id=612"},"modified":"2016-05-08T19:04:39","modified_gmt":"2016-05-08T19:04:39","slug":"une-soiree-sans-accroc","status":"publish","type":"page","link":"https:\/\/inspirationdesurvie.net\/blog\/la-revolution-alteienne\/une-soiree-sans-accroc\/","title":{"rendered":"Une soir\u00e9e sans accroc"},"content":{"rendered":"<p align=\"justify\"><span style=\"font-size: medium;\">Au soir, pendant le repas officiel, Isobel ne parle \u00e0 personne ou presque. Elle r\u00e9pond aux questions qu\u2019on lui pose, mais ne d\u00e9passe jamais le stade des mondanit\u00e9s. La plupart du temps, elle laisse parler sa s\u0153ur, Christina, qui accueille avec elle les nouveaux-venus. Elle est de toute fa\u00e7on plus jolie et capte naturellement les regards de tout le monde. Isobel a d\u00e9j\u00e0 tendance \u00e0 passer inaper\u00e7ue en la pr\u00e9sence de sa s\u0153ur. Ici, elle fait encore moins d&rsquo;efforts que d&rsquo;habitude pour alimenter la discussion. Elle ne dit rien qui puisse servir d\u2019ancre dans les eaux brumeuses de sa compagnie. Elle va de groupe en groupe afin de saluer les nombreux invit\u00e9s de marque qu\u2019accueille ce soir-l\u00e0 le palais. Elle prend des nouvelles des convives, s\u2019int\u00e9resse aux \u00e9v\u00e9nements r\u00e9cents de leur vie et, une fois qu\u2019elle a accompli son devoir, elle s\u2019excuse, pr\u00e9textant qu\u2019elle doit aller voir de fa\u00e7on urgente le baron de machin ou le comte de bidule. Finalement, chaque personne dans la grande salle la croit avec quelqu\u2019un d\u2019autre.<\/span><\/p>\n<p align=\"justify\"><span style=\"font-size: medium;\">Lorsqu\u2019approche l\u2019ouverture du grand bal, le roi Tyriarque prend place dans le large cercle qui vient de se former, au centre de cette prestigieuse assistance. Il commence \u00e0 d\u00e9clamer un beau discours sur les valeurs de la nation, sur l\u2019honneur qu\u2019il y a dans la d\u00e9fense des fronti\u00e8res et sur les responsabilit\u00e9s que le pouvoir fait peser sur l\u2019homme qui d\u00e9cide de les endosser. Il souligne qu\u2019en ces temps de crise, au milieu des troubles et du doute, la posture de cet homme qui est nomm\u00e9 duc par son roi est un signal fort, une lumi\u00e8re dans les t\u00e9n\u00e8bres que projettent les ennemis de la nation.<\/span><\/p>\n<p align=\"justify\"><span style=\"font-size: medium;\">Lorsqu\u2019il a termin\u00e9 son discours, des applaudissements \u00e9mus r\u00e9sonnent en \u00e9chos dans la grande salle. Les conversations reprennent et les rires z\u00e8brent l\u2019atmosph\u00e8re enjou\u00e9e de la pi\u00e8ce pleine de fastes. Tr\u00e8s vite, les musiciens ouvrent le bal et les premiers danseurs viennent occuper la piste. Le roi cherche du regard Isobel, qu\u2019il ne voit pas. Il ne la rep\u00e8re dans aucun groupe, ni parmi les danseurs. Apr\u00e8s un moment, il appelle le capitaine de la garde royale et lui demande d\u2019aller v\u00e9rifier dans les appartements de la princesse si celle-ci s\u2019y trouve. Apr\u00e8s quelques minutes, on vient annoncer au souverain que sa fille ne se trouve pas dans sa chambre. Avisant Christina, il lui demande si elle a aper\u00e7u sa s\u0153ur, r\u00e9cemment. Elle lui r\u00e9pond que la derni\u00e8re fois qu\u2019elle l\u2019a vue, Isobel parlait avec un charmant jeune homme, avec qui elle est partie se promener dans les jardins du parc royal.<\/span><\/p>\n<p align=\"justify\"><span style=\"font-size: medium;\">D\u00e9cidant qu&rsquo;il serait dommage d&rsquo;arr\u00eater la f\u00eate sur un simple mauvais pressentiment, le roi n&rsquo;a pas d&rsquo;autre choix que d&rsquo;attendre le lendemain matin. Il est tr\u00e8s vite alpagu\u00e9 par le chambellan, qui lui pr\u00e9sente une com\u00e9dienne et son metteur en sc\u00e8ne, du Th\u00e9\u00e2tre Fabuleux, dont la pi\u00e8ce L&rsquo;Archonte Encord\u00e9 connait un succ\u00e8s fantastique ces jours-ci. Le roi se jette dans la conversation, surtout pour ne pas penser \u00e0 l&rsquo;absence d&rsquo;Isobel. Il parle avec eux de leurs craintes de voir un jour la t\u00e9l\u00e9scopie remplacer la tradition mill\u00e9naire du th\u00e9\u00e2tre. Il essaie de les rassurer comme il peut, sans trop s&rsquo;engager sur quelque sujet que ce soit. La vie au palais doit continuer sans accrocs, comme si tout \u00e9tait normal. Montrer qu\u2019il existe des dissensions au sein de la famille, qu\u2019il y a des raisons de s\u2019inqui\u00e9ter ou plus simplement que certaines personnes soient hors de contr\u00f4le, ce serait donner une image de la cour que le roi ne peut pas se permettre pour l&rsquo;instant. Sa libert\u00e9 a des limites. Il d\u00e9cide donc d\u2019attendre le lendemain pour v\u00e9rifier ses craintes.<\/span><\/p>\n<p style=\"text-align: center;\" align=\"justify\"><a href=\"https:\/\/inspirationdesurvie.net\/blog\/la-revolution-alteienne\/une-discussion-matinale\/\">Pr\u00e9c\u00e9dent<\/a> &#8211; <a href=\"https:\/\/inspirationdesurvie.net\/blog\/la-revolution-alteienne\/une-longue-nuit\/\">Suivant<\/a><\/p>\n","protected":false},"excerpt":{"rendered":"<p>Au soir, pendant le repas officiel, Isobel ne parle \u00e0 personne ou presque. Elle r\u00e9pond aux questions qu\u2019on lui pose, mais ne d\u00e9passe jamais le stade des mondanit\u00e9s. La plupart du temps, elle laisse parler sa s\u0153ur, Christina, qui accueille avec elle les nouveaux-venus. Elle est de toute fa\u00e7on plus jolie et capte naturellement les [&hellip;]<\/p>\n","protected":false},"author":1,"featured_media":0,"parent":579,"menu_order":0,"comment_status":"closed","ping_status":"closed","template":"","meta":{"jetpack_post_was_ever_published":false,"footnotes":""},"class_list":["post-612","page","type-page","status-publish","hentry"],"jetpack_shortlink":"https:\/\/wp.me\/P4m3os-9S","jetpack_sharing_enabled":true,"_links":{"self":[{"href":"https:\/\/inspirationdesurvie.net\/blog\/wp-json\/wp\/v2\/pages\/612","targetHints":{"allow":["GET"]}}],"collection":[{"href":"https:\/\/inspirationdesurvie.net\/blog\/wp-json\/wp\/v2\/pages"}],"about":[{"href":"https:\/\/inspirationdesurvie.net\/blog\/wp-json\/wp\/v2\/types\/page"}],"author":[{"embeddable":true,"href":"https:\/\/inspirationdesurvie.net\/blog\/wp-json\/wp\/v2\/users\/1"}],"replies":[{"embeddable":true,"href":"https:\/\/inspirationdesurvie.net\/blog\/wp-json\/wp\/v2\/comments?post=612"}],"version-history":[{"count":3,"href":"https:\/\/inspirationdesurvie.net\/blog\/wp-json\/wp\/v2\/pages\/612\/revisions"}],"predecessor-version":[{"id":621,"href":"https:\/\/inspirationdesurvie.net\/blog\/wp-json\/wp\/v2\/pages\/612\/revisions\/621"}],"up":[{"embeddable":true,"href":"https:\/\/inspirationdesurvie.net\/blog\/wp-json\/wp\/v2\/pages\/579"}],"wp:attachment":[{"href":"https:\/\/inspirationdesurvie.net\/blog\/wp-json\/wp\/v2\/media?parent=612"}],"curies":[{"name":"wp","href":"https:\/\/api.w.org\/{rel}","templated":true}]}}