{"id":597,"date":"2016-03-27T12:10:30","date_gmt":"2016-03-27T12:10:30","guid":{"rendered":"http:\/\/inspirationdesurvie.net\/blog\/?page_id=597"},"modified":"2016-04-10T16:12:15","modified_gmt":"2016-04-10T16:12:15","slug":"un-reveil-difficile","status":"publish","type":"page","link":"https:\/\/inspirationdesurvie.net\/blog\/la-revolution-alteienne\/un-reveil-difficile\/","title":{"rendered":"Un r\u00e9veil difficile"},"content":{"rendered":"<p align=\"justify\"><span style=\"font-size: medium;\">Et tandis que le jour se l\u00e8ve sur T\u00e9le\u00efa, un homme se r\u00e9veille au c\u0153ur d\u2019une prison souterraine, o\u00f9 les rayons du soleil ne sont plus que l\u2019ombre d\u2019eux-m\u00eames lorsqu\u2019ils parviennent jusque-l\u00e0. Les couloirs suintent d\u2019une humidit\u00e9 malsaine dans laquelle la faible lueur des torches ne se refl\u00e8te pas, mais semble absorb\u00e9e par une force \u00e9trange. De temps en temps, on entend la plainte lointaine de quelqu\u2019un qui subit une torture particuli\u00e8rement douloureuse. Pour l\u2019heure, tout est calme. Les ge\u00f4liers ont \u00e9t\u00e9 se coucher, fatigu\u00e9s d\u2019avoir tabass\u00e9 des prisonniers durant toute la nuit. Ceux des prisonniers qui ont subi leurs assauts sont tomb\u00e9s inconscients et ceux qui ont eu la chance d\u2019\u00e9chapper \u00e0 la cruaut\u00e9 des gardiens de ces lieux se r\u00e9veillent avec l\u2019angoisse d\u2019\u00eatre peut-\u00eatre les prochains sur la liste. Ils se font les plus discrets possible, esp\u00e9rant ne pas attirer l\u2019attention de qui que ce soit.<\/span><\/p>\n<p align=\"justify\"><span style=\"font-size: medium;\">C\u2019est au milieu de ce silence \u00e9pais et mouill\u00e9 qu\u2019une voix s\u2019\u00e9l\u00e8ve, pour se heurter aussit\u00f4t au plafond trop bas de la prison.<\/span><\/p>\n<p align=\"justify\">\u2014\u00a0<span style=\"font-size: medium;\">Y a quelqu\u2019un\u00a0?<\/span><\/p>\n<p align=\"justify\"><span style=\"font-size: medium;\">Cette question n\u2019obtient pas d\u2019autre r\u00e9ponse que son propre \u00e9cho qui se r\u00e9verb\u00e8re sur les parois des couloirs sinueux de la grotte. Dans d\u2019autres cellules, tout le monde est surpris par l\u2019audace d\u2019une telle demande. Tous esp\u00e8rent que, si jamais il devait y avoir des cons\u00e9quences (certainement n\u00e9gatives), celles-ci retomberaient sur leur voisin et que le Destin, d\u00e9j\u00e0 trop m\u00e9chant avec chacun d\u2019entre eux, les laisserait tranquilles pour une minute durant laquelle ils pourraient souffler un peu. Malheureusement, la voix continue d\u2019appeler, inconsciente de ce qu\u2019elle fait et des foudres qu\u2019elle risque de d\u00e9chainer. Un bourdonnement fait fr\u00e9mir les murs, desquels se d\u00e9tachent des morceaux de pl\u00e2tre plus fragiles que d\u2019autres. Un prisonnier un brin philosophe y voit une m\u00e9taphore de la vie carc\u00e9rale\u00a0: lorsque tout tremble, les plus faibles sont les premiers \u00e0 tomber. Apr\u00e8s tout, m\u00eame dans ce genre d\u2019endroit, il n\u2019est pas interdit de philosopher. D\u2019ailleurs, l\u2019all\u00e9gorie de la caverne ne perd rien de son sel dans ce genre d\u2019endroit. Les r\u00eaveries du vieil homme sont n\u00e9anmoins interrompues par la voix qui est pass\u00e9e \u00e0 un tout autre registre, presque aussi peu plaisant pour les oreilles que les beuglements des matons.<\/span><\/p>\n<p align=\"justify\">\u2013\u00a0<span style=\"font-size: medium;\">Bordel de putes, mais vous allez finir par me r\u00e9pondre, oui\u00a0? O\u00f9 est-ce que je suis\u00a0? Qu\u2019est-ce que vous me voulez\u00a0? Y a quelqu\u2019un, sa m\u00e8re\u00a0?!<\/span><\/p>\n<p align=\"justify\"><span style=\"font-size: medium;\">Le grondement s\u2019intensifie encore. Cette fois, tout le monde peut sentir une nette vibration qui fait trembler les lieux. Une secousse plus forte que les autres fait m\u00eame d\u00e9coller la gamelle d\u2019un prisonnier, renversant un peu de son contenu par terre. Le ph\u00e9nom\u00e8ne fait taire la voix, qui commence \u00e0 se dire que ses actions pourraient peut-\u00eatre mener \u00e0 des r\u00e9actions ind\u00e9sir\u00e9es et que, dans le doute, mieux vaut la fermer. Sur un \u00ab\u00a0Bon\u2026\u00a0\u00bb vex\u00e9, la voix se drape de silence. Le grondement cesse et les prisonniers qui respirent encore reprennent leur souffle.<\/span><\/p>\n<p align=\"justify\"><span style=\"font-size: medium;\">Le prince, son propri\u00e9taire, puisque c\u2019est de lui dont il s\u2019agit, prend la d\u00e9cision de s\u2019asseoir et de r\u00e9fl\u00e9chir, chose qui fait g\u00e9n\u00e9ralement plus de bien que de mal \u00e0 ceux qui s\u2019essaient \u00e0 pareil exercice. Il croise ses longues jambes sur sa paillasse, cale son dos contre le mur et d\u00e9gage une m\u00e8che de cheveux ch\u00e2tain et rebelle de devant ses yeux. Son regard aux \u00e9clats d\u2019\u00e9meraude se pose sur divers endroits de sa cellule, mais ne s\u2019accroche \u00e0 rien en particulier. Il se penche sur ses habits et se rend compte que ceux-ci ont \u00e9t\u00e9 d\u00e9chir\u00e9s en maints endroits. Les dorures de sa veste ainsi que de son pantalon ont \u00e9t\u00e9 arrach\u00e9es. Pris d\u2019un doute, il cherche sa bourse mais ne la trouve pas. Les sous-fifres qui se sont charg\u00e9s de lui ont d\u00e9cid\u00e9 de s\u2019offrir un pourboire aux frais de la princesse. Ou plut\u00f4t, aux frais du prince. Qu\u2019importe. Jan est vivant et, pour l\u2019instant, c\u2019est la seule richesse dont il a besoin.<\/span><\/p>\n<p align=\"justify\"><span style=\"font-size: medium;\">Seul dans le noir, il tente de rassembler ses souvenirs, afin de collecter des indices sur ses ravisseurs et sa pr\u00e9sente situation. Dans un \u00e9lan dramatique, il met la main \u00e0 son front, comme pour essayer de mieux se concentrer. Apr\u00e8s un moment, il se rend compte que \u00e7a n\u2019aide \u00e0 rien, ferme les yeux et fronde les sourcils. Il cherche encore et encore sans trouver le moindre souvenir qui pourrait l\u2019aider \u00e0 enclencher la machine. Finalement, il se rendort, malgr\u00e9 le bruit de l\u2019eau qui goutte et les g\u00e9missements de certains prisonniers qui agonisent quelques cellules plus loin.<\/span><\/p>\n<p style=\"text-align: center;\" align=\"justify\"><a href=\"https:\/\/inspirationdesurvie.net\/blog\/la-revolution-alteienne\/une-journee-comme-les-autres\/\">Pr\u00e9c\u00e9dent<\/a> &#8211; <a href=\"https:\/\/inspirationdesurvie.net\/blog\/la-revolution-alteienne\/une-discussion-matinale\/\">Suivant<\/a><\/p>\n","protected":false},"excerpt":{"rendered":"<p>Et tandis que le jour se l\u00e8ve sur T\u00e9le\u00efa, un homme se r\u00e9veille au c\u0153ur d\u2019une prison souterraine, o\u00f9 les rayons du soleil ne sont plus que l\u2019ombre d\u2019eux-m\u00eames lorsqu\u2019ils parviennent jusque-l\u00e0. Les couloirs suintent d\u2019une humidit\u00e9 malsaine dans laquelle la faible lueur des torches ne se refl\u00e8te pas, mais semble absorb\u00e9e par une force [&hellip;]<\/p>\n","protected":false},"author":1,"featured_media":0,"parent":579,"menu_order":0,"comment_status":"closed","ping_status":"closed","template":"","meta":{"jetpack_post_was_ever_published":false,"footnotes":""},"class_list":["post-597","page","type-page","status-publish","hentry"],"jetpack_shortlink":"https:\/\/wp.me\/P4m3os-9D","jetpack_sharing_enabled":true,"_links":{"self":[{"href":"https:\/\/inspirationdesurvie.net\/blog\/wp-json\/wp\/v2\/pages\/597","targetHints":{"allow":["GET"]}}],"collection":[{"href":"https:\/\/inspirationdesurvie.net\/blog\/wp-json\/wp\/v2\/pages"}],"about":[{"href":"https:\/\/inspirationdesurvie.net\/blog\/wp-json\/wp\/v2\/types\/page"}],"author":[{"embeddable":true,"href":"https:\/\/inspirationdesurvie.net\/blog\/wp-json\/wp\/v2\/users\/1"}],"replies":[{"embeddable":true,"href":"https:\/\/inspirationdesurvie.net\/blog\/wp-json\/wp\/v2\/comments?post=597"}],"version-history":[{"count":4,"href":"https:\/\/inspirationdesurvie.net\/blog\/wp-json\/wp\/v2\/pages\/597\/revisions"}],"predecessor-version":[{"id":608,"href":"https:\/\/inspirationdesurvie.net\/blog\/wp-json\/wp\/v2\/pages\/597\/revisions\/608"}],"up":[{"embeddable":true,"href":"https:\/\/inspirationdesurvie.net\/blog\/wp-json\/wp\/v2\/pages\/579"}],"wp:attachment":[{"href":"https:\/\/inspirationdesurvie.net\/blog\/wp-json\/wp\/v2\/media?parent=597"}],"curies":[{"name":"wp","href":"https:\/\/api.w.org\/{rel}","templated":true}]}}