{"id":579,"date":"2016-02-28T20:12:47","date_gmt":"2016-02-28T20:12:47","guid":{"rendered":"http:\/\/inspirationdesurvie.net\/blog\/?page_id=579"},"modified":"2016-06-30T11:57:55","modified_gmt":"2016-06-30T11:57:55","slug":"la-revolution-alteienne","status":"publish","type":"page","link":"https:\/\/inspirationdesurvie.net\/blog\/la-revolution-alteienne\/","title":{"rendered":"La R\u00e9volution Alt\u00e9\u00efenne"},"content":{"rendered":"<p style=\"text-align: justify;\">La r\u00e9volution se pr\u00e9pare \u00e0 Alt\u00e9\u00efa o\u00f9 la magie a modernis\u00e9 la soci\u00e9t\u00e9 comme jamais auparavant. Plus r\u00e9cemment, le roi Dragon terrorise une partie de la population occidentale, un mage noir a pris le contr\u00f4le de certaines terres du Nord. Pire encore, le prince a disparu et personne ne semble savoir o\u00f9 il se trouve. Dans ce monde bizarre et familier, tout est changement. Et \u00e7a ne fait pas plaisir \u00e0 tout le monde&#8230;<\/p>\n<p style=\"text-align: justify;\"><a href=\"http:\/\/www.atramenta.net\/download_work\/1051e352a2\/oeuvre57910.epub\" target=\"_blank\">T\u00e9l\u00e9charger au format .epub.<\/a><\/p>\n<ol>\n<li style=\"text-align: justify;\"><a href=\"https:\/\/inspirationdesurvie.net\/blog\/la-revolution-alteienne\/une-journee-comme-les-autres\/\">Une journ\u00e9e comme les autres.<\/a><\/li>\n<li style=\"text-align: justify;\"><a href=\"https:\/\/inspirationdesurvie.net\/blog\/la-revolution-alteienne\/un-reveil-difficile\/\">Un r\u00e9veil difficile.<\/a><\/li>\n<li style=\"text-align: justify;\"><a href=\"https:\/\/inspirationdesurvie.net\/blog\/la-revolution-alteienne\/une-discussion-matinale\/\">Une discussion matinale.<\/a><\/li>\n<li style=\"text-align: justify;\"><a href=\"https:\/\/inspirationdesurvie.net\/blog\/la-revolution-alteienne\/une-soiree-sans-accroc\/\">Une soir\u00e9e sans accroc.<\/a><\/li>\n<li style=\"text-align: justify;\"><a href=\"https:\/\/inspirationdesurvie.net\/blog\/la-revolution-alteienne\/une-longue-nuit\/\">Une longue nuit.<\/a><\/li>\n<li style=\"text-align: justify;\"><a href=\"https:\/\/inspirationdesurvie.net\/blog\/la-revolution-alteienne\/le-debut-de-laventure\/\">Le d\u00e9but de l&rsquo;aventure.<\/a><\/li>\n<li style=\"text-align: justify;\"><a href=\"https:\/\/inspirationdesurvie.net\/blog\/la-revolution-alteienne\/la-theorie-des-portails\/\">La th\u00e9orie des portails.<\/a><\/li>\n<li style=\"text-align: justify;\"><a href=\"https:\/\/inspirationdesurvie.net\/blog\/le-detour-du-chemin\/\">Le d\u00e9tour du chemin.<\/a><\/li>\n<\/ol>\n","protected":false},"excerpt":{"rendered":"<p>La r\u00e9volution se pr\u00e9pare \u00e0 Alt\u00e9\u00efa o\u00f9 la magie a modernis\u00e9 la soci\u00e9t\u00e9 comme jamais auparavant. Plus r\u00e9cemment, le roi Dragon terrorise une partie de la population occidentale, un mage noir a pris le contr\u00f4le de certaines terres du Nord. Pire encore, le prince a disparu et personne ne semble savoir o\u00f9 il se trouve. [&hellip;]<\/p>\n","protected":false},"author":1,"featured_media":0,"parent":0,"menu_order":0,"comment_status":"closed","ping_status":"closed","template":"","meta":{"jetpack_post_was_ever_published":false,"footnotes":""},"class_list":["post-579","page","type-page","status-publish","hentry"],"jetpack_shortlink":"https:\/\/wp.me\/P4m3os-9l","jetpack_sharing_enabled":true,"_links":{"self":[{"href":"https:\/\/inspirationdesurvie.net\/blog\/wp-json\/wp\/v2\/pages\/579","targetHints":{"allow":["GET"]}}],"collection":[{"href":"https:\/\/inspirationdesurvie.net\/blog\/wp-json\/wp\/v2\/pages"}],"about":[{"href":"https:\/\/inspirationdesurvie.net\/blog\/wp-json\/wp\/v2\/types\/page"}],"author":[{"embeddable":true,"href":"https:\/\/inspirationdesurvie.net\/blog\/wp-json\/wp\/v2\/users\/1"}],"replies":[{"embeddable":true,"href":"https:\/\/inspirationdesurvie.net\/blog\/wp-json\/wp\/v2\/comments?post=579"}],"version-history":[{"count":15,"href":"https:\/\/inspirationdesurvie.net\/blog\/wp-json\/wp\/v2\/pages\/579\/revisions"}],"predecessor-version":[{"id":640,"href":"https:\/\/inspirationdesurvie.net\/blog\/wp-json\/wp\/v2\/pages\/579\/revisions\/640"}],"wp:attachment":[{"href":"https:\/\/inspirationdesurvie.net\/blog\/wp-json\/wp\/v2\/media?parent=579"}],"curies":[{"name":"wp","href":"https:\/\/api.w.org\/{rel}","templated":true}]}}