{"id":2,"date":"2012-03-09T12:00:52","date_gmt":"2012-03-09T12:00:52","guid":{"rendered":"http:\/\/alexis.nuagedstete.com\/blog\/?page_id=2"},"modified":"2025-03-22T14:53:33","modified_gmt":"2025-03-22T14:53:33","slug":"page-d-exemple","status":"publish","type":"page","link":"https:\/\/inspirationdesurvie.net\/blog\/page-d-exemple\/","title":{"rendered":"Ce qu&rsquo;il faut savoir &#8230;"},"content":{"rendered":"<p>Cette description date des d\u00e9buts de ce blog. Elle m\u00e9riterait sans doute un petit coup de frais.<\/p>\n<ul>\n<li>De moi :<\/li>\n<\/ul>\n<p style=\"text-align: justify;\">Pas grand chose, en d\u00e9finitive. Je suis Belge. Je suis \u00e9tudiant, fils de parents fonctionnaires. Autant dire que mon parcours personnel frise la banalit\u00e9 la plus crasse. Peut-\u00eatre \u00e0 cause de mon \u00e9ducation ou de je-ne-sais-quoi d&rsquo;autre, je suis un savant m\u00e9lange de curiosit\u00e9, de na\u00efvet\u00e9 et d&rsquo;id\u00e9alisme. Ce qui ressort de ce tout, c&rsquo;est une imagination fertile et une envie de faire correspondre le monde \u00e0 ce que je r\u00eave qu&rsquo;il soit. Il en ressort aussi des crises de misanthropie et de contemplation du monde. Bref, un caract\u00e8re un peu changeant mais souvent d\u00e9connect\u00e9 de la r\u00e9alit\u00e9. Cette m\u00eame r\u00e9alit\u00e9 qui vient parfois me rappeler brutalement qu&rsquo;elle existe et que c&rsquo;est moi qui suis en marge du monde, et non le contraire.<\/p>\n<ul>\n<li>De mon but :<\/li>\n<\/ul>\n<p style=\"text-align: justify;\">Essayer de faire en litt\u00e9rature ce qui n&rsquo;a pas \u00e9t\u00e9 encore fait. Et si tout a \u00e9t\u00e9 fait, je m&rsquo;efforcerai de le faire diff\u00e9remment. Et si vraiment, je ne suis bon \u00e0 rien, je me contenterai de relayer la parole de mes a\u00een\u00e9s, ceux qui ont r\u00e9ussi \u00e0 faire. Quoi qu&rsquo;il en soit, je veux faire entendre ma voix par l&rsquo;\u00e9criture, apr\u00e8s en avoir tant entendu dans ma t\u00eate par la lecture.<br \/>\nPuis, j&rsquo;aimerais aussi r\u00e9agir sur la politique de mon pays et des autres. Essayer de donner mon point de vue, sur tout ce qui me plaira de commenter. Encore une fois, faire entendre ma voix, m\u00eame si elle se perd dans le tumulte incessant de l&rsquo;internet. Qui sait, un jour peut-\u00eatre un \u00e9cho oubli\u00e9 atteindra une personne inconnue et lui montrera un autre point de vue que le sien.<\/p>\n<ul>\n<li>De ce qui me passionne :<\/li>\n<\/ul>\n<p style=\"text-align: justify;\">Globalement, j&rsquo;aime la litt\u00e9rature. Du peu que j&rsquo;en sais, en tout cas : des grands noms aux plus petits. Et aussi dans plusieurs formes : roman, nouvelle ou po\u00e9sie, bande dessin\u00e9e, dialogues de film, \u00e9crits rapides de <em>roleplay<\/em>, graffitis, lettre anonyme du si\u00e8cle pass\u00e9, etc. En fait, plus que la litt\u00e9rature, c&rsquo;est la lecture qui me pla\u00eet. Si quelqu&rsquo;un prend la peine d&rsquo;\u00e9crire quelque chose, \u00e7a vaut la peine de lire. Parfois, \u00e7a am\u00e8ne son lot de d\u00e9ception, mais souvent, on apprend un fait nouveau ; pas forc\u00e9ment int\u00e9ressant, pas forc\u00e9ment important, mais on apprend. Et \u00e7a m&rsquo;am\u00e8ne \u00e0 quelque chose d&rsquo;autre que j&rsquo;appr\u00e9cie : apprendre.<br \/>\nJ&rsquo;ai voulu \u00e0 un moment \u00eatre professeur, parce que je suis convaincu que le passage de connaissance se fait de l&rsquo;enseignant \u00e0 l&rsquo;\u00e9l\u00e8ve mais aussi inversement. Mais je crois aujourd&rsquo;hui que ce n&rsquo;est pas le seul m\u00e9tier qui permet ce transfert de l&rsquo;un \u00e0 l&rsquo;autre. J&rsquo;esp\u00e8re ici apprendre. Apprendre aux autres mais aussi des autres.<br \/>\nCe sont des passions simples, mais elles suffisent au bonheur d&rsquo;un homme, je pense.<\/p>\n","protected":false},"excerpt":{"rendered":"<p>Cette description date des d\u00e9buts de ce blog. Elle m\u00e9riterait sans doute un petit coup de frais. De moi : Pas grand chose, en d\u00e9finitive. Je suis Belge. Je suis \u00e9tudiant, fils de parents fonctionnaires. Autant dire que mon parcours personnel frise la banalit\u00e9 la plus crasse. Peut-\u00eatre \u00e0 cause de mon \u00e9ducation ou de [&hellip;]<\/p>\n","protected":false},"author":1,"featured_media":0,"parent":0,"menu_order":0,"comment_status":"closed","ping_status":"closed","template":"","meta":{"jetpack_post_was_ever_published":false,"footnotes":""},"class_list":["post-2","page","type-page","status-publish","hentry"],"jetpack_shortlink":"https:\/\/wp.me\/P4m3os-2","jetpack_sharing_enabled":true,"_links":{"self":[{"href":"https:\/\/inspirationdesurvie.net\/blog\/wp-json\/wp\/v2\/pages\/2","targetHints":{"allow":["GET"]}}],"collection":[{"href":"https:\/\/inspirationdesurvie.net\/blog\/wp-json\/wp\/v2\/pages"}],"about":[{"href":"https:\/\/inspirationdesurvie.net\/blog\/wp-json\/wp\/v2\/types\/page"}],"author":[{"embeddable":true,"href":"https:\/\/inspirationdesurvie.net\/blog\/wp-json\/wp\/v2\/users\/1"}],"replies":[{"embeddable":true,"href":"https:\/\/inspirationdesurvie.net\/blog\/wp-json\/wp\/v2\/comments?post=2"}],"version-history":[{"count":8,"href":"https:\/\/inspirationdesurvie.net\/blog\/wp-json\/wp\/v2\/pages\/2\/revisions"}],"predecessor-version":[{"id":849,"href":"https:\/\/inspirationdesurvie.net\/blog\/wp-json\/wp\/v2\/pages\/2\/revisions\/849"}],"wp:attachment":[{"href":"https:\/\/inspirationdesurvie.net\/blog\/wp-json\/wp\/v2\/media?parent=2"}],"curies":[{"name":"wp","href":"https:\/\/api.w.org\/{rel}","templated":true}]}}